{"id":493,"date":"2021-09-28T13:49:28","date_gmt":"2021-09-28T11:49:28","guid":{"rendered":"http:\/\/itinerairesdegouts.com\/?page_id=493"},"modified":"2021-09-28T13:49:29","modified_gmt":"2021-09-28T11:49:29","slug":"livres","status":"publish","type":"page","link":"https:\/\/itinerairesdegouts.com\/index.php\/livres\/","title":{"rendered":"Livres"},"content":{"rendered":"<div class=\"bm-builder clearfix \"><div id=\"\" class=\"module col-12 module-id-1632413432339 bm-wrap row-top row-left bm-wrap-height-auto\" data-module-col=\"12\" data-change-color=\"off\" data-backcolor=\"transparent\" data-frontcolor=\"\" data-logocolor=\"\" data-goto-top=\"off\" data-goto-top-spacing=\"0\" data-groupsameheight=\"off\"><div class=\"module-inside group-inside\" style=\"--top-mod: 80px;--bottom-mod: 60px;--top-mod-m:40px;--bottom-mod-m:30px;\"><div id=\"\" class=\"module col-6 module-id-1632413432476 col-offset-0\" data-module-col=\"6\"><div class=\"module-inside text-inside\" style=\"--top-mod: 0px;--bottom-mod: 20px;--top-mod-m:0px;--bottom-mod-m:20px;\"><div class=\"text_block_out\"  data-effect=\"standard\"><div class=\"text_block ux-mod-nobg\"><div class=\"text_block_inn\"><div class=\"text_block_centered text_block_centered_enable_width  \"  style=\"\"><h1><span class=\"sea-font-m-34px\" style=\"font-size: 3.4vw;\">Livres.&nbsp;<\/span><\/h1><\/div><\/div><\/div><\/div><\/div><\/div><div id=\"\" class=\"module col-6 module-id-1632413432596\" data-module-col=\"6\"><div class=\"module-inside text-inside\" style=\"--top-mod: 0px;--bottom-mod: 0px;--top-mod-m:0px;--bottom-mod-m:0px;\"><div class=\"text_block_out\"  data-effect=\"standard\"><div class=\"text_block ux-mod-nobg\"><div class=\"text_block_inn\"><div class=\"text_block_centered text_block_centered_enable_width  \"  style=\"\"><p><span class=\"sea-font-m-20px\" style=\"font-size: 22px;\">An has cetero adipisci moderatius, amet quodsi iracundia ne quo, oblique moderatius constituam sed id. Mutat abhorreant intellegam quo ei, nec at duis qualisque tincidunt.<\/span><\/p><\/div><\/div><\/div><\/div><\/div><\/div><\/div><\/div><div id=\"\" class=\"module col-12 module-id-1632413432710\" data-module-col=\"12\"><div class=\"module-inside text-inside module-line module-bottom-line\" style=\"--line-border: 1px; --line-color: #eeeeee; --line-spacing: 0px; --line-spacing-m: 0px; --top-mod: 0px;--bottom-mod: 0px;--top-mod-m:0px;--bottom-mod-m:0px;\"><div class=\"text_block_out\"  data-effect=\"standard\"><div class=\"text_block ux-mod-nobg\"><div class=\"text_block_inn\"><div class=\"text_block_centered text_block_centered_enable_width  \"  style=\"\"><\/div><\/div><\/div><\/div><\/div><\/div><div id=\"\" class=\"module col-12 module-id-1632413587323\" data-module-col=\"12\"><div class=\"module-inside text-inside\" style=\"\"><div class=\"text_block_out\" data-animation=\"fadein\" data-effect=\"standard\"><div class=\"text_block ux-mod-nobg\"><div class=\"text_block_inn\"><div class=\"text_block_centered   \"  style=\"\"><\/div><\/div><\/div><\/div><\/div><\/div><div id=\"\" class=\"module col-12 module-id-1632473321261 bm-wrap row-top row-left bm-wrap-height-auto\" data-module-col=\"12\" data-change-color=\"off\" data-backcolor=\"transparent\" data-frontcolor=\"\" data-logocolor=\"\" data-goto-top=\"off\" data-goto-top-spacing=\"0\" data-groupsameheight=\"off\"><div class=\"module-inside group-inside\" style=\"--top-mod: 80px;--bottom-mod: 120px;--top-mod-m:0px;--bottom-mod-m:0px;\"><div id=\"\" class=\"module col-6 module-id-1632473334181\" data-module-col=\"6\"><div class=\"module-inside single-image-inside\" style=\"--top-mod: 0px;--bottom-mod: 0px;--top-mod-m:0px;--bottom-mod-m:0px;\"><div class=\"single-image-out \" ><figure class=\"single-image   single-image-full\" ><div class=\"ux-hover-wrap\" style=\"padding-top: 143.92678868552%;\"><span class=\"ux-hover-wrap-a\"><img alt=\"couverture-facebook\" class=\"single-image-img lazy \" src=\"data:image\/gif;base64,R0lGODlhAQABAIAAAAAAAP\/\/\/yH5BAEAAAAALAAAAAABAAEAAAIBRAA7\" data-src=\"https:\/\/itinerairesdegouts.com\/wp-content\/uploads\/2021\/09\/couverture-facebook-1.png\" data-srcset=\"https:\/\/itinerairesdegouts.com\/wp-content\/uploads\/2021\/09\/couverture-facebook-1.png 601w, https:\/\/itinerairesdegouts.com\/wp-content\/uploads\/2021\/09\/couverture-facebook-1-208x300.png 208w, https:\/\/itinerairesdegouts.com\/wp-content\/uploads\/2021\/09\/couverture-facebook-1-350x504.png 350w\" data-sizes=\"(max-width: 480px) 320px,(max-width: 767px) 500px,(max-width: 601px) 100vw, 601px\" width=\"601\" height=\"865\" \/><\/span><\/div><\/figure><\/div><\/div><\/div><div id=\"\" class=\"module col-6 module-id-1632473390405\" data-module-col=\"6\"><div class=\"module-inside text-inside\" style=\"--top-mod: 0px;--bottom-mod: 0px;--top-mod-m:0px;--bottom-mod-m:0px;\"><div class=\"text_block_out\"  data-effect=\"standard\"><div class=\"text_block ux-mod-nobg\"><div class=\"text_block_inn\"><div class=\"text_block_centered text_block_centered_enable_width  \"  style=\"\"><h2><b>CHOCOLAT<\/b>(S)<\/h2>\n<p>&nbsp;<\/p>\n<p>&nbsp;<\/p>\n<p class=\"p1\"><i>Chocolat<\/i>&nbsp;est un mot pluriel : Cabosse. F\u00e8ve. Cacao. Poudre. Masse. Gru\u00e9. Beurre&#8230; Il rassemble une \u00e9tonnante richesse d\u2019\u00e9tapes qui pr\u00e9c\u00e8dent la d\u00e9gustation gourmande : histoire, terroirs, gestes, ar\u00f4mes, textures, touchers, go\u00fbts, &#8230;<\/p>\n<p class=\"p1\">Le livre&nbsp;<i>Chocolat(s)<\/i>&nbsp;r\u00e9v\u00e8le cet itin\u00e9raire mal connu, commenc\u00e9 dans une terre lointaine.<\/p>\n<p class=\"p1\">&nbsp;<\/p>\n<p class=\"p1\">Par le r\u00e9cit de son aventure personnelle, au fil de sa d\u00e9couverte savante, sensuelle et passionn\u00e9e du chocolat et de toute sa complexit\u00e9, G\u00e9raldine Pell\u00e9 nous fait d\u00e9couvrir un univers captivant. Des plantations tropicales jusqu\u2019aux ateliers, du cacaoyer \u00e0 notre bouche, chaque \u00e9tape a son importance. De l\u2019une \u00e0 l\u2019autre des ar\u00f4mes sp\u00e9cifiques \u00e9mergent, l\u2019identit\u00e9 des origines s\u2019exprime et la virtuosit\u00e9 des artisans se r\u00e9v\u00e8le. Le seul mot&nbsp;chocolat&nbsp;contient tout un monde.<\/p><\/div><\/div><\/div><\/div><\/div><\/div><\/div><\/div><div id=\"\" class=\"module col-6 module-id-1632473459887 bm-wrap row-top row-left sea-sticky bm-wrap-height-auto\" data-module-col=\"6\" data-change-color=\"off\" data-backcolor=\"transparent\" data-frontcolor=\"\" data-logocolor=\"\" data-goto-top=\"off\" data-goto-top-spacing=\"0\" data-groupsameheight=\"off\"><div class=\"module-inside group-inside\" style=\"--top-mod: 40px;--bottom-mod: 0px;--top-mod-m:0px;--bottom-mod-m:0px;\"><div id=\"\" class=\"module col-6 module-id-1632473485927\" data-module-col=\"6\"><div class=\"module-inside text-inside\" style=\"--top-mod: 20px;--bottom-mod: 0px;--top-mod-m:0px;--bottom-mod-m:0px;\"><div class=\"text_block_out\"  data-effect=\"standard\"><div class=\"text_block ux-mod-nobg\"><div class=\"text_block_inn\"><div class=\"text_block_centered text_block_centered_enable_width  \"  style=\"\"><h2 class=\"p1\"><b>LA SINC\u00c9RIT\u00c9 SANS D\u00c9TOUR<\/b><\/h2>\n<h4>&#8211; AZIZ MOKHARI CUISINE<\/h4>\n<p>&nbsp;<\/p>\n<p class=\"p1\">Dans son livre \u00ab&nbsp;La Sinc\u00e9rit\u00e9 sans D\u00e9tour&nbsp;\u00bb, le chef cuisinier toulousain Aziz Mokhtari m\u2019a invit\u00e9e \u00e0 saisir la simplicit\u00e9 par l\u2019image &#8211; je signe dans ce livre les photographies-, mais aussi par les mots : j\u2019y livre 4 textes de r\u00e9flexion sur le go\u00fbt de la simplicit\u00e9 : \u00ab&nbsp;Rechercher le go\u00fbt \u00e0 l\u2019\u00e9tat PUR, par le REGARD, par le SENSIBLE, pour que nos UNIQUES se rejoignent&nbsp;\u00bb \u2026 une exploration du sensible dans la Simplicit\u00e9, du go\u00fbt de la Simplicit\u00e9, de la recherche de l&#39;essentiel, que ce soit dans l&#39;\u00e9criture, que ce soit dans la cuisine &#8230; et dans toute forme d&#39;exp\u00e9rience esth\u00e9tique &#8230;. l&#39;ouverture d&#39;une recherche que j&#39;aurai le bonheur de poursuivre tr\u00e8s prochainement dans d&#39;autres projets<\/p><\/div><\/div><\/div><\/div><\/div><\/div><\/div><\/div><div id=\"\" class=\"module col-6 module-id-1632473522448 bm-wrap row-top row-left bm-wrap-height-auto\" data-module-col=\"6\" data-change-color=\"off\" data-backcolor=\"transparent\" data-frontcolor=\"\" data-logocolor=\"\" data-goto-top=\"off\" data-goto-top-spacing=\"0\" data-groupsameheight=\"off\"><div class=\"module-inside group-inside\" style=\"--top-mod: 40px;--bottom-mod: 0px;--top-mod-m:0px;--bottom-mod-m:0px;\"><div id=\"\" class=\"module col-6 module-id-1632473535369\" data-module-col=\"6\"><div class=\"module-inside single-image-inside\" style=\"--top-mod: 0px;--bottom-mod: 0px;--top-mod-m:0px;--bottom-mod-m:0px;\"><div class=\"single-image-out \" ><figure class=\"single-image   single-image-full\" ><div class=\"ux-hover-wrap\" style=\"padding-top: 150.03663003663%;\"><span class=\"ux-hover-wrap-a\"><img alt=\"IMG_9218\" class=\"single-image-img lazy \" src=\"data:image\/gif;base64,R0lGODlhAQABAIAAAAAAAP\/\/\/yH5BAEAAAAALAAAAAABAAEAAAIBRAA7\" data-src=\"https:\/\/itinerairesdegouts.com\/wp-content\/uploads\/2021\/09\/IMG_9218.jpg\" data-srcset=\"https:\/\/itinerairesdegouts.com\/wp-content\/uploads\/2021\/09\/IMG_9218.jpg 1365w, https:\/\/itinerairesdegouts.com\/wp-content\/uploads\/2021\/09\/IMG_9218-200x300.jpg 200w, https:\/\/itinerairesdegouts.com\/wp-content\/uploads\/2021\/09\/IMG_9218-683x1024.jpg 683w, https:\/\/itinerairesdegouts.com\/wp-content\/uploads\/2021\/09\/IMG_9218-768x1152.jpg 768w, https:\/\/itinerairesdegouts.com\/wp-content\/uploads\/2021\/09\/IMG_9218-1024x1536.jpg 1024w, https:\/\/itinerairesdegouts.com\/wp-content\/uploads\/2021\/09\/IMG_9218-350x525.jpg 350w, https:\/\/itinerairesdegouts.com\/wp-content\/uploads\/2021\/09\/IMG_9218-650x975.jpg 650w, https:\/\/itinerairesdegouts.com\/wp-content\/uploads\/2021\/09\/IMG_9218-1000x1500.jpg 1000w\" data-sizes=\"(max-width: 480px) 320px,(max-width: 767px) 500px,(max-width: 1365px) 100vw, 1365px\" width=\"1365\" height=\"2048\" \/><\/span><\/div><\/figure><\/div><\/div><\/div><div id=\"\" class=\"module col-6 module-id-1632473555583\" data-module-col=\"6\"><div class=\"module-inside single-image-inside\" style=\"--top-mod: 20px;--bottom-mod: 0px;--top-mod-m:0px;--bottom-mod-m:0px;\"><div class=\"single-image-out \" ><figure class=\"single-image   single-image-full\" ><div class=\"ux-hover-wrap\" style=\"padding-top: 150.03663003663%;\"><span class=\"ux-hover-wrap-a\"><img alt=\"IMG_9220\" class=\"single-image-img lazy \" src=\"data:image\/gif;base64,R0lGODlhAQABAIAAAAAAAP\/\/\/yH5BAEAAAAALAAAAAABAAEAAAIBRAA7\" data-src=\"https:\/\/itinerairesdegouts.com\/wp-content\/uploads\/2021\/09\/IMG_9220.jpg\" data-srcset=\"https:\/\/itinerairesdegouts.com\/wp-content\/uploads\/2021\/09\/IMG_9220.jpg 1365w, https:\/\/itinerairesdegouts.com\/wp-content\/uploads\/2021\/09\/IMG_9220-200x300.jpg 200w, https:\/\/itinerairesdegouts.com\/wp-content\/uploads\/2021\/09\/IMG_9220-683x1024.jpg 683w, https:\/\/itinerairesdegouts.com\/wp-content\/uploads\/2021\/09\/IMG_9220-768x1152.jpg 768w, https:\/\/itinerairesdegouts.com\/wp-content\/uploads\/2021\/09\/IMG_9220-1024x1536.jpg 1024w, https:\/\/itinerairesdegouts.com\/wp-content\/uploads\/2021\/09\/IMG_9220-350x525.jpg 350w, https:\/\/itinerairesdegouts.com\/wp-content\/uploads\/2021\/09\/IMG_9220-650x975.jpg 650w, https:\/\/itinerairesdegouts.com\/wp-content\/uploads\/2021\/09\/IMG_9220-1000x1500.jpg 1000w\" data-sizes=\"(max-width: 480px) 320px,(max-width: 767px) 500px,(max-width: 1365px) 100vw, 1365px\" width=\"1365\" height=\"2048\" \/><\/span><\/div><\/figure><\/div><\/div><\/div><\/div><\/div><div id=\"\" class=\"module col-12 module-id-1632473682110 bm-wrap row-top row-left bm-wrap-height-auto\" data-module-col=\"12\" data-change-color=\"off\" data-backcolor=\"transparent\" data-frontcolor=\"\" data-logocolor=\"\" data-goto-top=\"off\" data-goto-top-spacing=\"0\" data-groupsameheight=\"off\"><div class=\"module-inside group-inside\" style=\"--top-mod: 160px;--bottom-mod: 0px;--top-mod-m:0px;--bottom-mod-m:0px;\"><div id=\"\" class=\"module col-6 module-id-1632473682787\" data-module-col=\"6\"><div class=\"module-inside single-image-inside\" style=\"--top-mod: 0px;--bottom-mod: 0px;--top-mod-m:0px;--bottom-mod-m:0px;\"><div class=\"single-image-out \" ><figure class=\"single-image   single-image-full\" ><div class=\"ux-hover-wrap\" style=\"padding-top: 125%;\"><span class=\"ux-hover-wrap-a\"><img alt=\"couverture_book_sarran\" class=\"single-image-img lazy \" src=\"data:image\/gif;base64,R0lGODlhAQABAIAAAAAAAP\/\/\/yH5BAEAAAAALAAAAAABAAEAAAIBRAA7\" data-src=\"https:\/\/itinerairesdegouts.com\/wp-content\/uploads\/2021\/09\/couverture_book_sarran.jpg\" data-srcset=\"https:\/\/itinerairesdegouts.com\/wp-content\/uploads\/2021\/09\/couverture_book_sarran.jpg 1000w, https:\/\/itinerairesdegouts.com\/wp-content\/uploads\/2021\/09\/couverture_book_sarran-240x300.jpg 240w, https:\/\/itinerairesdegouts.com\/wp-content\/uploads\/2021\/09\/couverture_book_sarran-819x1024.jpg 819w, https:\/\/itinerairesdegouts.com\/wp-content\/uploads\/2021\/09\/couverture_book_sarran-768x960.jpg 768w, https:\/\/itinerairesdegouts.com\/wp-content\/uploads\/2021\/09\/couverture_book_sarran-350x438.jpg 350w, https:\/\/itinerairesdegouts.com\/wp-content\/uploads\/2021\/09\/couverture_book_sarran-650x813.jpg 650w\" data-sizes=\"(max-width: 480px) 320px,(max-width: 767px) 500px,(max-width: 1000px) 100vw, 1000px\" width=\"1000\" height=\"1250\" \/><\/span><\/div><\/figure><\/div><\/div><\/div><div id=\"\" class=\"module col-6 module-id-1632473682830\" data-module-col=\"6\"><div class=\"module-inside text-inside\" style=\"--top-mod: 0px;--bottom-mod: 0px;--top-mod-m:0px;--bottom-mod-m:0px;\"><div class=\"text_block_out\"  data-effect=\"standard\"><div class=\"text_block ux-mod-nobg\"><div class=\"text_block_inn\"><div class=\"text_block_centered text_block_centered_enable_width  \"  style=\"\"><h2 class=\"p1\"><b>ITIN\u00c9RAIRES DE GO\u00dbTS <\/b><\/h2>\n<h4>&#8211;<span class=\"Apple-converted-space\">&nbsp; <\/span>MICHEL SARRAN<\/h4>\n<p>&nbsp;<\/p>\n<p class=\"p1\">Quelle est la place de la cuisine dans nos vies ? dans notre rapport au vivant ? que dit-elle de notre rapport au monde et aux autres ? qu\u2019est-ce qui dure ? qu\u2019est-ce qui se transmet ? de quelle esth\u00e9tique rel\u00e8ve l\u2019exp\u00e9rience gustative ?&nbsp;<\/p>\n<p class=\"p1\">&nbsp;<\/p>\n<p class=\"p1\">Vous ne trouverez pas ici de critique gastronomique, encore moins de jugements de go\u00fbt : juste une prise en consid\u00e9ration des choses, de leur puissance, de leur pouvoir de nous \u00e9mouvoir : itin\u00e9raire de la sensibilit\u00e9 du cuisinier, itin\u00e9raire de la transformation de la mati\u00e8re, itin\u00e9raire de cr\u00e9ation du go\u00fbt d&#39;un plat en cuisine, itin\u00e9raire du&nbsp;go\u00fbt de celui qui d\u00e9guste\u2026 Autant d\u2019Itin\u00e9raires de go\u00fbts concentr\u00e9s dans le <i>plat-paysage<\/i>.<\/p><\/div><\/div><\/div><\/div><\/div><\/div><\/div><\/div><\/div>","protected":false},"excerpt":{"rendered":"<p>Livres.&nbsp;An has cetero adipisci moderatius, amet quodsi iracundia ne quo, &hellip;<\/p>\n","protected":false},"author":1,"featured_media":0,"parent":0,"menu_order":0,"comment_status":"closed","ping_status":"closed","template":"","meta":[],"_links":{"self":[{"href":"https:\/\/itinerairesdegouts.com\/index.php\/wp-json\/wp\/v2\/pages\/493"}],"collection":[{"href":"https:\/\/itinerairesdegouts.com\/index.php\/wp-json\/wp\/v2\/pages"}],"about":[{"href":"https:\/\/itinerairesdegouts.com\/index.php\/wp-json\/wp\/v2\/types\/page"}],"author":[{"embeddable":true,"href":"https:\/\/itinerairesdegouts.com\/index.php\/wp-json\/wp\/v2\/users\/1"}],"replies":[{"embeddable":true,"href":"https:\/\/itinerairesdegouts.com\/index.php\/wp-json\/wp\/v2\/comments?post=493"}],"version-history":[{"count":2,"href":"https:\/\/itinerairesdegouts.com\/index.php\/wp-json\/wp\/v2\/pages\/493\/revisions"}],"predecessor-version":[{"id":610,"href":"https:\/\/itinerairesdegouts.com\/index.php\/wp-json\/wp\/v2\/pages\/493\/revisions\/610"}],"wp:attachment":[{"href":"https:\/\/itinerairesdegouts.com\/index.php\/wp-json\/wp\/v2\/media?parent=493"}],"curies":[{"name":"wp","href":"https:\/\/api.w.org\/{rel}","templated":true}]}}