{"id":555,"date":"2021-09-24T10:27:30","date_gmt":"2021-09-24T08:27:30","guid":{"rendered":"http:\/\/itinerairesdegouts.com\/?page_id=555"},"modified":"2021-09-24T10:27:31","modified_gmt":"2021-09-24T08:27:31","slug":"accueil","status":"publish","type":"page","link":"https:\/\/itinerairesdegouts.com\/","title":{"rendered":"Accueil"},"content":{"rendered":"<div class=\"bm-builder clearfix \"><div id=\"\" class=\"module col-12 module-id-1632471271351\" data-module-col=\"12\"><div class=\"module-inside text-inside\" style=\"--top-mod: 0px;--bottom-mod: 20px;--top-mod-m:30px;--bottom-mod-m:10px;\"><div class=\"text_block_out\"  data-effect=\"standard\"><div class=\"text_block ux-mod-nobg\"><div class=\"text_block_inn\"><div class=\"text_block_centered text_block_centered_enable_width  \"  style=\"\"><h1><span class=\"sea-font-m-22px\" style=\"font-size: 2.8vw;\">Geraldine Pelle.<\/span><\/h1>\n<p><strong>Auteur et photographe<\/strong><\/p><\/div><\/div><\/div><\/div><\/div><\/div><div id=\"\" class=\"module col-12 module-id-1632471271462\" data-module-col=\"12\"><div class=\"module-inside text-inside\" style=\"--top-mod: 20px;--bottom-mod: 120px;--top-mod-m:0px;--bottom-mod-m:60px;\"><div class=\"text_block_out\"  data-effect=\"standard\"><div class=\"text_block ux-mod-nobg\"><div class=\"text_block_inn\"><div class=\"text_block_centered text_block_centered_enable_width  \"  style=\"\"><p class=\"p1\">J\u2019explore le vivant. J\u2019explore le go\u00fbt, l\u2019art de vivre : la mani\u00e8re dont nous habitons la Terre, ce dont nous nous nourrissons, ce qui nous lie, ce \u00e0 quoi nous tenons.<\/p>\n<p class=\"p1\">Par les mots. Par l\u2019image. Par les rencontres.<\/p>\n<p>&nbsp;<\/p>\n<p class=\"p1\">G\u00e9ographe de formation, je suis le fil du monde infini, pr\u00e9cieux, fragile et puissant des ressources naturelles de notre plan\u00e8te.<\/p>\n<p class=\"p1\">Univers v\u00e9g\u00e9tal, r\u00e8gne animal : ils sont notre maison, notre socle.<\/p>\n<p class=\"p1\">Par la cuisine, par la culture, leur mati\u00e8re devient une part de notre propre mati\u00e8re. L\u2019homme l\u2019imagine bonne \u00e0 manger, la transforme par ses mains, ses d\u00e9sirs, ses principes.<\/p>\n<p class=\"p1\">Comment la cuisine, acte culturel par excellence qui nous distingue dans le monde du Vivant, rend-elle ce monde habitable ?<\/p><\/div><\/div><\/div><\/div><\/div><\/div><div id=\"\" class=\"module col-12 module-id-1632471301892\" data-module-col=\"12\"><div class=\"module-inside single-image-inside\" style=\"--top-mod: 0px;--bottom-mod: 0px;--top-mod-m:0px;--bottom-mod-m:0px;\"><div class=\"single-image-out \" ><figure class=\"single-image   single-image-full\" ><div class=\"ux-hover-wrap\" style=\"padding-top: 66.650390625%;\"><span class=\"ux-hover-wrap-a\"><img alt=\"IMG_7980\" class=\"single-image-img lazy \" src=\"data:image\/gif;base64,R0lGODlhAQABAIAAAAAAAP\/\/\/yH5BAEAAAAALAAAAAABAAEAAAIBRAA7\" data-src=\"https:\/\/itinerairesdegouts.com\/wp-content\/uploads\/2021\/09\/IMG_7980.jpg\" data-srcset=\"https:\/\/itinerairesdegouts.com\/wp-content\/uploads\/2021\/09\/IMG_7980.jpg 2048w, https:\/\/itinerairesdegouts.com\/wp-content\/uploads\/2021\/09\/IMG_7980-300x200.jpg 300w, https:\/\/itinerairesdegouts.com\/wp-content\/uploads\/2021\/09\/IMG_7980-1024x683.jpg 1024w, https:\/\/itinerairesdegouts.com\/wp-content\/uploads\/2021\/09\/IMG_7980-768x512.jpg 768w, https:\/\/itinerairesdegouts.com\/wp-content\/uploads\/2021\/09\/IMG_7980-1536x1024.jpg 1536w, https:\/\/itinerairesdegouts.com\/wp-content\/uploads\/2021\/09\/IMG_7980-350x233.jpg 350w, https:\/\/itinerairesdegouts.com\/wp-content\/uploads\/2021\/09\/IMG_7980-650x433.jpg 650w, https:\/\/itinerairesdegouts.com\/wp-content\/uploads\/2021\/09\/IMG_7980-1000x667.jpg 1000w, https:\/\/itinerairesdegouts.com\/wp-content\/uploads\/2021\/09\/IMG_7980-2000x1333.jpg 2000w\" data-sizes=\"(max-width: 480px) 320px,(max-width: 767px) 500px,(max-width: 2048px) 100vw, 2048px\" width=\"2048\" height=\"1365\" \/><\/span><\/div><\/figure><\/div><\/div><\/div><div id=\"\" class=\"module col-12 module-id-1632471272108\" data-module-col=\"12\"><div class=\"module-inside text-inside\" style=\"--top-mod: 100px;--bottom-mod: 50px;--top-mod-m:60px;--bottom-mod-m:20px;\"><div class=\"text_block_out\"  data-effect=\"standard\"><div class=\"text_block ux-mod-nobg\"><div class=\"text_block_inn\"><div class=\"text_block_centered text_block_centered_enable_width  \"  style=\"\"><p style=\"text-align: center;\"><span style=\"font-size: 24px;\"><a style=\"color: #313139;\" href=\"https:\/\/arnold.seatheme.net\/portfolio\/about\">About &amp; Contact<\/a><\/span><\/p><\/div><\/div><\/div><\/div><\/div><\/div><\/div>","protected":false},"excerpt":{"rendered":"<p>Geraldine Pelle. Auteur et photographeJ\u2019explore le vivant. J\u2019explore le go\u00fbt, &hellip;<\/p>\n","protected":false},"author":1,"featured_media":0,"parent":0,"menu_order":0,"comment_status":"closed","ping_status":"closed","template":"","meta":[],"_links":{"self":[{"href":"https:\/\/itinerairesdegouts.com\/index.php\/wp-json\/wp\/v2\/pages\/555"}],"collection":[{"href":"https:\/\/itinerairesdegouts.com\/index.php\/wp-json\/wp\/v2\/pages"}],"about":[{"href":"https:\/\/itinerairesdegouts.com\/index.php\/wp-json\/wp\/v2\/types\/page"}],"author":[{"embeddable":true,"href":"https:\/\/itinerairesdegouts.com\/index.php\/wp-json\/wp\/v2\/users\/1"}],"replies":[{"embeddable":true,"href":"https:\/\/itinerairesdegouts.com\/index.php\/wp-json\/wp\/v2\/comments?post=555"}],"version-history":[{"count":2,"href":"https:\/\/itinerairesdegouts.com\/index.php\/wp-json\/wp\/v2\/pages\/555\/revisions"}],"predecessor-version":[{"id":563,"href":"https:\/\/itinerairesdegouts.com\/index.php\/wp-json\/wp\/v2\/pages\/555\/revisions\/563"}],"wp:attachment":[{"href":"https:\/\/itinerairesdegouts.com\/index.php\/wp-json\/wp\/v2\/media?parent=555"}],"curies":[{"name":"wp","href":"https:\/\/api.w.org\/{rel}","templated":true}]}}